{"id":5050,"date":"2023-01-10T10:33:59","date_gmt":"2023-01-10T10:33:59","guid":{"rendered":"https:\/\/britt-care.nl\/projekte\/"},"modified":"2023-03-16T12:59:20","modified_gmt":"2023-03-16T12:59:20","slug":"projekte","status":"publish","type":"page","link":"https:\/\/britt-care.nl\/de\/projekte\/","title":{"rendered":"Projekte"},"content":{"rendered":"<section id=\"bt_bb_section69eba6f3bedee\" class=\"bt_bb_section bt_bb_color_scheme_1 bt_bb_layout_boxed_1200 bt_bb_vertical_align_top bt_bb_background_overlay_dark_solid bt_bb_bottom_section_coverage_image bt_bb_section_with_bottom_coverage_image bt_bb_top_spacing_large bt_bb_bottom_spacing_extra_large image-opacity\" style=\"; --section-primary-color:#ffffff; --section-secondary-color:#191919;;background-color:rgba(38,34,98,0.7);\" data-bt-override-class=\"{&quot;bt_bb_top_spacing_&quot;:{&quot;current_class&quot;:&quot;bt_bb_top_spacing_large&quot;,&quot;xl&quot;:&quot;large&quot;},&quot;bt_bb_bottom_spacing_&quot;:{&quot;current_class&quot;:&quot;bt_bb_bottom_spacing_extra_large&quot;,&quot;xl&quot;:&quot;extra_large&quot;}}\"><div class=\"bt_bb_background_image_holder_wrapper\"><div class=\"bt_bb_background_image_holder bt_bb_parallax\"  data-parallax=\"0.7\" data-parallax-offset=\"0\" data-parallax-zoom-start=\"1\" data-parallax-zoom-end=\"1\" data-parallax-blur-start=\"0\" data-parallax-blur-end=\"0\" data-parallax-opacity-start=\"1\" data-parallax-opacity-end=\"1\" style=\" background-image:url(&#039;https:\/\/britt-care.nl\/wp-content\/uploads\/2023\/02\/header-projecten.jpg&#039;);\"><\/div><\/div><div class=\"bt_bb_port\"><div class=\"bt_bb_cell\"><div class=\"bt_bb_cell_inner\"><div class=\"bt_bb_row_wrapper\"><div  class=\"bt_bb_row\"  data-bt-override-class=\"{}\"><div  class=\"bt_bb_column col-xl-7 bt_bb_vertical_align_middle bt_bb_align_left bt_bb_padding_normal bt_bb_animation_fade_in animate\"  data-width=\"7\" data-bt-override-class=\"{}\"><div class=\"bt_bb_column_content\"><div class=\"bt_bb_column_content_inner\"><div class=\"bt_bb_separator bt_bb_border_style_none bt_bb_border_color_none bt_bb_bottom_spacing_large\" data-bt-override-class=\"null\"><\/div><header class=\"bt_bb_headline bt_bb_subheadline_text_transform_default bt_bb_dash_bottom bt_bb_subheadline bt_bb_size_large bt_bb_align_inherit\" data-bt-override-class=\"{&quot;bt_bb_size_&quot;:{&quot;current_class&quot;:&quot;bt_bb_size_large&quot;,&quot;xl&quot;:&quot;large&quot;},&quot;bt_bb_align_&quot;:{&quot;current_class&quot;:&quot;bt_bb_align_inherit&quot;,&quot;xl&quot;:&quot;inherit&quot;}}\"><h1 class=\"bt_bb_headline_tag\"><span class=\"bt_bb_headline_content\"><span>PROJEKTE<\/span><\/span><\/h1><div class=\"bt_bb_headline_subheadline\">Unsere Projekte & Neuigkeiten.<\/div><\/header><div class=\"bt_bb_separator bt_bb_border_style_none bt_bb_border_color_none bt_bb_bottom_spacing_large\" data-bt-override-class=\"null\"><\/div><\/div><\/div><\/div><div  class=\"bt_bb_column col-xl-5 bt_bb_vertical_align_top bt_bb_align_left bt_bb_padding_normal\"  data-width=\"5\" data-bt-override-class=\"{}\"><div class=\"bt_bb_column_content\"><div class=\"bt_bb_column_content_inner\"><\/div><\/div><\/div><\/div><\/div><\/div><!-- cell_inner --><\/div><!-- cell --><\/div><!-- port --><div class=\"bt_bb_section_bottom_section_coverage_image\"><img src=\"https:\/\/britt-care.nl\/wp-content\/uploads\/2022\/12\/bottom-cover.png\" alt=\"bt_bb_section_bottom_section_coverage_image\" \/><\/div><\/section><section id=\"bt_bb_section69eba6f3bf2f9\" class=\"bt_bb_section bt_bb_layout_boxed_1200 bt_bb_vertical_align_top bt_bb_top_spacing_none bt_bb_bottom_spacing_large\"  data-bt-override-class=\"{&quot;bt_bb_top_spacing_&quot;:{&quot;current_class&quot;:&quot;bt_bb_top_spacing_none&quot;,&quot;xl&quot;:&quot;none&quot;},&quot;bt_bb_bottom_spacing_&quot;:{&quot;current_class&quot;:&quot;bt_bb_bottom_spacing_large&quot;,&quot;xl&quot;:&quot;large&quot;}}\"><div class=\"bt_bb_port\"><div class=\"bt_bb_cell\"><div class=\"bt_bb_cell_inner\"><div class=\"bt_bb_row_wrapper\"><div  class=\"bt_bb_row\"  data-bt-override-class=\"{}\"><div  class=\"bt_bb_column col-xl-12 col-xs-12 col-sm-12 col-md-12 col-lg-12 bt_bb_vertical_align_top bt_bb_align_left bt_bb_padding_normal\"  data-width=\"12\" data-bt-override-class=\"{}\"><div class=\"bt_bb_column_content\"><div class=\"bt_bb_column_content_inner\"><div class=\"bt_bb_latest_posts bt_bb_columns_4 bt_bb_gap_normal bt_bb_image_shape_square\"><div class=\"bt_bb_latest_posts_item\"><div class=\"bt_bb_latest_posts_item_image\"><a href=\"https:\/\/britt-care.nl\/de\/unser-kleinster-spender-auch-schoen-an-der-wand\/\" target=\"_self\"><img src=\"https:\/\/britt-care.nl\/wp-content\/plugins\/bold-page-builder\/img\/blank.gif\" alt=\"Unser kleinster Spender, auch sch\u00f6n an der Wand\" title=\"Unser kleinster Spender, auch sch\u00f6n an der Wand\" class=\"btLazyLoadImage\"  data-image_src=\"https:\/\/britt-care.nl\/wp-content\/uploads\/2023\/03\/toilet-Bastiaan-2-1280x1280.jpg\"\"><\/a><\/div><div class=\"bt_bb_latest_posts_item_content\"><h5 class=\"bt_bb_latest_posts_item_title\"><a href=\"https:\/\/britt-care.nl\/de\/unser-kleinster-spender-auch-schoen-an-der-wand\/\" target=\"_self\">Unser kleinster Spender, auch sch\u00f6n an der Wand<\/a><\/h5><div class=\"bt_bb_latest_posts_item_excerpt\">Eine praktische und attraktive L\u00f6sung f\u00fcr kleinere R\u00e4ume<\/div><\/div><\/div><div class=\"bt_bb_latest_posts_item\"><div class=\"bt_bb_latest_posts_item_image\"><a href=\"https:\/\/britt-care.nl\/de\/brittowel-fuer-eine-wasserfreie-pflege-auf-der-intensivstation\/\" target=\"_self\"><img src=\"https:\/\/britt-care.nl\/wp-content\/plugins\/bold-page-builder\/img\/blank.gif\" alt=\"Brittowel\u00ae f\u00fcr eine Wasserfreie Pflege auf der Intensivstation\" title=\"Brittowel\u00ae f\u00fcr eine Wasserfreie Pflege auf der Intensivstation\" class=\"btLazyLoadImage\"  data-image_src=\"https:\/\/britt-care.nl\/wp-content\/uploads\/2023\/03\/ICU-room-foto.webp\"\"><\/a><\/div><div class=\"bt_bb_latest_posts_item_content\"><h5 class=\"bt_bb_latest_posts_item_title\"><a href=\"https:\/\/britt-care.nl\/de\/brittowel-fuer-eine-wasserfreie-pflege-auf-der-intensivstation\/\" target=\"_self\">Brittowel\u00ae f\u00fcr eine Wasserfreie Pflege auf der Intensivstation<\/a><\/h5><div class=\"bt_bb_latest_posts_item_excerpt\">Stoppen Sie die Ausbreitung von Infektionen: Wasserfreie Pflege auf der Intensivstation<\/div><\/div><\/div><div class=\"bt_bb_latest_posts_item\"><div class=\"bt_bb_latest_posts_item_image\"><a href=\"https:\/\/britt-care.nl\/de\/vd-valk-vianen-entscheidet-sich-mit-brittowel-fuer-nachhaltigkeit\/\" target=\"_self\"><img src=\"https:\/\/britt-care.nl\/wp-content\/plugins\/bold-page-builder\/img\/blank.gif\" alt=\"Vd Valk Vianen entscheidet sich  mit Brittowel\u00ae f\u00fcr Nachhaltigkeit\" title=\"Vd Valk Vianen entscheidet sich  mit Brittowel\u00ae f\u00fcr Nachhaltigkeit\" class=\"btLazyLoadImage\"  data-image_src=\"https:\/\/britt-care.nl\/wp-content\/uploads\/2023\/02\/vdvalk-dispenser-02a.png\"\"><\/a><\/div><div class=\"bt_bb_latest_posts_item_content\"><h5 class=\"bt_bb_latest_posts_item_title\"><a href=\"https:\/\/britt-care.nl\/de\/vd-valk-vianen-entscheidet-sich-mit-brittowel-fuer-nachhaltigkeit\/\" target=\"_self\">Vd Valk Vianen entscheidet sich  mit Brittowel\u00ae f\u00fcr Nachhaltigkeit<\/a><\/h5><div class=\"bt_bb_latest_posts_item_excerpt\">Bei Vd Valk Vianen werden die Brittowels seit einiger Zeit zur vollen Zufriedenheit der G\u00e4ste verwendet. <\/div><\/div><\/div><div class=\"bt_bb_latest_posts_item\"><div class=\"bt_bb_latest_posts_item_image\"><a href=\"https:\/\/britt-care.nl\/de\/debritts-wird-sein-brittowel\/\" target=\"_self\"><img src=\"https:\/\/britt-care.nl\/wp-content\/plugins\/bold-page-builder\/img\/blank.gif\" alt=\"DeBritts wird sein Brittowel\" title=\"DeBritts wird sein Brittowel\" class=\"btLazyLoadImage\"  data-image_src=\"https:\/\/britt-care.nl\/wp-content\/uploads\/2023\/02\/towel-02a.png\"\"><\/a><\/div><div class=\"bt_bb_latest_posts_item_content\"><h5 class=\"bt_bb_latest_posts_item_title\"><a href=\"https:\/\/britt-care.nl\/de\/debritts-wird-sein-brittowel\/\" target=\"_self\">DeBritts wird sein Brittowel<\/a><\/h5><div class=\"bt_bb_latest_posts_item_excerpt\">Zu einem neuen Firmennamen geh\u00f6rt auch ein neuer Markenname.<\/div><\/div><\/div><div class=\"bt_bb_latest_posts_item\"><div class=\"bt_bb_latest_posts_item_image\"><a href=\"https:\/\/britt-care.nl\/de\/brittscare-wird-sein-brittcare\/\" target=\"_self\"><img src=\"https:\/\/britt-care.nl\/wp-content\/plugins\/bold-page-builder\/img\/blank.gif\" alt=\"BrittsCare wird sein BRITTcare\" title=\"BrittsCare wird sein BRITTcare\" class=\"btLazyLoadImage\"  data-image_src=\"https:\/\/britt-care.nl\/wp-content\/uploads\/2023\/02\/britcare-02.png\"\"><\/a><\/div><div class=\"bt_bb_latest_posts_item_content\"><h5 class=\"bt_bb_latest_posts_item_title\"><a href=\"https:\/\/britt-care.nl\/de\/brittscare-wird-sein-brittcare\/\" target=\"_self\">BrittsCare wird sein BRITTcare<\/a><\/h5><div class=\"bt_bb_latest_posts_item_excerpt\">Jetzt, im Jahr 2023, verleihen wir Britts-Care einen neuen, moderneren Look. <\/div><\/div><\/div><\/div><\/div><\/div><\/div><\/div><\/div><\/div><!-- cell_inner --><\/div><!-- cell --><\/div><!-- port --><\/section>","protected":false},"excerpt":{"rendered":"","protected":false},"author":2,"featured_media":0,"parent":0,"menu_order":0,"comment_status":"closed","ping_status":"closed","template":"","meta":[],"yoast_head":"<!-- This site is optimized with the Yoast SEO plugin v20.6 - https:\/\/yoast.com\/wordpress\/plugins\/seo\/ -->\n<title>Projekte - BRITTcare<\/title>\n<meta name=\"robots\" content=\"index, follow, max-snippet:-1, max-image-preview:large, max-video-preview:-1\" \/>\n<link rel=\"canonical\" href=\"https:\/\/britt-care.nl\/de\/projekte\/\" \/>\n<meta property=\"og:locale\" content=\"de_DE\" \/>\n<meta property=\"og:type\" content=\"article\" \/>\n<meta property=\"og:title\" content=\"Projekte - BRITTcare\" \/>\n<meta property=\"og:url\" content=\"https:\/\/britt-care.nl\/de\/projekte\/\" \/>\n<meta property=\"og:site_name\" content=\"BRITTcare\" \/>\n<meta property=\"article:modified_time\" content=\"2023-03-16T12:59:20+00:00\" \/>\n<meta name=\"twitter:card\" content=\"summary_large_image\" \/>\n<meta name=\"twitter:label1\" content=\"Gesch\u00e4tzte Lesezeit\" \/>\n\t<meta name=\"twitter:data1\" content=\"2\u00a0Minuten\" \/>\n<script type=\"application\/ld+json\" class=\"yoast-schema-graph\">{\"@context\":\"https:\/\/schema.org\",\"@graph\":[{\"@type\":\"WebPage\",\"@id\":\"https:\/\/britt-care.nl\/de\/projekte\/\",\"url\":\"https:\/\/britt-care.nl\/de\/projekte\/\",\"name\":\"Projekte - BRITTcare\",\"isPartOf\":{\"@id\":\"https:\/\/britt-care.nl\/#website\"},\"datePublished\":\"2023-01-10T10:33:59+00:00\",\"dateModified\":\"2023-03-16T12:59:20+00:00\",\"breadcrumb\":{\"@id\":\"https:\/\/britt-care.nl\/de\/projekte\/#breadcrumb\"},\"inLanguage\":\"de\",\"potentialAction\":[{\"@type\":\"ReadAction\",\"target\":[\"https:\/\/britt-care.nl\/de\/projekte\/\"]}]},{\"@type\":\"BreadcrumbList\",\"@id\":\"https:\/\/britt-care.nl\/de\/projekte\/#breadcrumb\",\"itemListElement\":[{\"@type\":\"ListItem\",\"position\":1,\"name\":\"Home\",\"item\":\"https:\/\/britt-care.nl\/de\/\"},{\"@type\":\"ListItem\",\"position\":2,\"name\":\"Projekte\"}]},{\"@type\":\"WebSite\",\"@id\":\"https:\/\/britt-care.nl\/#website\",\"url\":\"https:\/\/britt-care.nl\/\",\"name\":\"BRITTcare\",\"description\":\"BRITT draagt grote zorg voor deze wereld. En die zorg geven we graag door.\",\"publisher\":{\"@id\":\"https:\/\/britt-care.nl\/#organization\"},\"potentialAction\":[{\"@type\":\"SearchAction\",\"target\":{\"@type\":\"EntryPoint\",\"urlTemplate\":\"https:\/\/britt-care.nl\/?s={search_term_string}\"},\"query-input\":\"required name=search_term_string\"}],\"inLanguage\":\"de\"},{\"@type\":\"Organization\",\"@id\":\"https:\/\/britt-care.nl\/#organization\",\"name\":\"BRITTcare\",\"url\":\"https:\/\/britt-care.nl\/\",\"logo\":{\"@type\":\"ImageObject\",\"inLanguage\":\"de\",\"@id\":\"https:\/\/britt-care.nl\/#\/schema\/logo\/image\/\",\"url\":\"https:\/\/britt-care.nl\/wp-content\/uploads\/2022\/12\/BrittCare-Blue.png\",\"contentUrl\":\"https:\/\/britt-care.nl\/wp-content\/uploads\/2022\/12\/BrittCare-Blue.png\",\"width\":1538,\"height\":848,\"caption\":\"BRITTcare\"},\"image\":{\"@id\":\"https:\/\/britt-care.nl\/#\/schema\/logo\/image\/\"}}]}<\/script>\n<!-- \/ Yoast SEO plugin. -->","yoast_head_json":{"title":"Projekte - BRITTcare","robots":{"index":"index","follow":"follow","max-snippet":"max-snippet:-1","max-image-preview":"max-image-preview:large","max-video-preview":"max-video-preview:-1"},"canonical":"https:\/\/britt-care.nl\/de\/projekte\/","og_locale":"de_DE","og_type":"article","og_title":"Projekte - BRITTcare","og_url":"https:\/\/britt-care.nl\/de\/projekte\/","og_site_name":"BRITTcare","article_modified_time":"2023-03-16T12:59:20+00:00","twitter_card":"summary_large_image","twitter_misc":{"Gesch\u00e4tzte Lesezeit":"2\u00a0Minuten"},"schema":{"@context":"https:\/\/schema.org","@graph":[{"@type":"WebPage","@id":"https:\/\/britt-care.nl\/de\/projekte\/","url":"https:\/\/britt-care.nl\/de\/projekte\/","name":"Projekte - BRITTcare","isPartOf":{"@id":"https:\/\/britt-care.nl\/#website"},"datePublished":"2023-01-10T10:33:59+00:00","dateModified":"2023-03-16T12:59:20+00:00","breadcrumb":{"@id":"https:\/\/britt-care.nl\/de\/projekte\/#breadcrumb"},"inLanguage":"de","potentialAction":[{"@type":"ReadAction","target":["https:\/\/britt-care.nl\/de\/projekte\/"]}]},{"@type":"BreadcrumbList","@id":"https:\/\/britt-care.nl\/de\/projekte\/#breadcrumb","itemListElement":[{"@type":"ListItem","position":1,"name":"Home","item":"https:\/\/britt-care.nl\/de\/"},{"@type":"ListItem","position":2,"name":"Projekte"}]},{"@type":"WebSite","@id":"https:\/\/britt-care.nl\/#website","url":"https:\/\/britt-care.nl\/","name":"BRITTcare","description":"BRITT draagt grote zorg voor deze wereld. En die zorg geven we graag door.","publisher":{"@id":"https:\/\/britt-care.nl\/#organization"},"potentialAction":[{"@type":"SearchAction","target":{"@type":"EntryPoint","urlTemplate":"https:\/\/britt-care.nl\/?s={search_term_string}"},"query-input":"required name=search_term_string"}],"inLanguage":"de"},{"@type":"Organization","@id":"https:\/\/britt-care.nl\/#organization","name":"BRITTcare","url":"https:\/\/britt-care.nl\/","logo":{"@type":"ImageObject","inLanguage":"de","@id":"https:\/\/britt-care.nl\/#\/schema\/logo\/image\/","url":"https:\/\/britt-care.nl\/wp-content\/uploads\/2022\/12\/BrittCare-Blue.png","contentUrl":"https:\/\/britt-care.nl\/wp-content\/uploads\/2022\/12\/BrittCare-Blue.png","width":1538,"height":848,"caption":"BRITTcare"},"image":{"@id":"https:\/\/britt-care.nl\/#\/schema\/logo\/image\/"}}]}},"_links":{"self":[{"href":"https:\/\/britt-care.nl\/de\/wp-json\/wp\/v2\/pages\/5050"}],"collection":[{"href":"https:\/\/britt-care.nl\/de\/wp-json\/wp\/v2\/pages"}],"about":[{"href":"https:\/\/britt-care.nl\/de\/wp-json\/wp\/v2\/types\/page"}],"author":[{"embeddable":true,"href":"https:\/\/britt-care.nl\/de\/wp-json\/wp\/v2\/users\/2"}],"replies":[{"embeddable":true,"href":"https:\/\/britt-care.nl\/de\/wp-json\/wp\/v2\/comments?post=5050"}],"version-history":[{"count":6,"href":"https:\/\/britt-care.nl\/de\/wp-json\/wp\/v2\/pages\/5050\/revisions"}],"predecessor-version":[{"id":5284,"href":"https:\/\/britt-care.nl\/de\/wp-json\/wp\/v2\/pages\/5050\/revisions\/5284"}],"wp:attachment":[{"href":"https:\/\/britt-care.nl\/de\/wp-json\/wp\/v2\/media?parent=5050"}],"curies":[{"name":"wp","href":"https:\/\/api.w.org\/{rel}","templated":true}]}}