{"id":4988,"date":"2022-12-23T13:01:57","date_gmt":"2022-12-23T13:01:57","guid":{"rendered":"https:\/\/britt-care.nl\/?page_id=4988"},"modified":"2023-02-28T12:57:40","modified_gmt":"2023-02-28T12:57:40","slug":"urheberrecht-haftungsausschluss","status":"publish","type":"page","link":"https:\/\/britt-care.nl\/de\/urheberrecht-haftungsausschluss\/","title":{"rendered":"Urheberrecht &#038; Haftungsausschluss"},"content":{"rendered":"<section id=\"bt_bb_section69eba69f630d0\" class=\"bt_bb_section bt_bb_color_scheme_1 bt_bb_layout_boxed_1200 bt_bb_vertical_align_top bt_bb_bottom_section_coverage_image bt_bb_section_with_bottom_coverage_image bt_bb_top_spacing_large bt_bb_bottom_spacing_extra_large\" style=\"; --section-primary-color:#ffffff; --section-secondary-color:#191919;;background-color:rgb(38,34,98);\" data-bt-override-class=\"{&quot;bt_bb_top_spacing_&quot;:{&quot;current_class&quot;:&quot;bt_bb_top_spacing_large&quot;,&quot;xl&quot;:&quot;large&quot;},&quot;bt_bb_bottom_spacing_&quot;:{&quot;current_class&quot;:&quot;bt_bb_bottom_spacing_extra_large&quot;,&quot;xl&quot;:&quot;extra_large&quot;}}\"><div class=\"bt_bb_port\"><div class=\"bt_bb_cell\"><div class=\"bt_bb_cell_inner\"><div class=\"bt_bb_row_wrapper\"><div  class=\"bt_bb_row\"  data-bt-override-class=\"{}\"><div  class=\"bt_bb_column col-xl-7 bt_bb_vertical_align_middle bt_bb_align_left bt_bb_padding_normal bt_bb_details-color_white\"  data-width=\"7\" data-bt-override-class=\"{&quot;bt_bb_align_&quot;:{&quot;current_class&quot;:&quot;bt_bb_align_left&quot;,&quot;xl&quot;:&quot;left&quot;},&quot;bt_bb_padding_&quot;:{&quot;current_class&quot;:&quot;bt_bb_padding_normal&quot;,&quot;xl&quot;:&quot;normal&quot;}}\"><div class=\"bt_bb_column_content\"><div class=\"bt_bb_column_content_inner\"><div class=\"bt_bb_separator bt_bb_border_style_none bt_bb_border_color_none bt_bb_bottom_spacing_large\" data-bt-override-class=\"null\"><\/div><header class=\"bt_bb_headline bt_bb_dash_bottom bt_bb_size_large bt_bb_align_inherit\" data-bt-override-class=\"{&quot;bt_bb_size_&quot;:{&quot;current_class&quot;:&quot;bt_bb_size_large&quot;,&quot;xl&quot;:&quot;large&quot;},&quot;bt_bb_align_&quot;:{&quot;current_class&quot;:&quot;bt_bb_align_inherit&quot;,&quot;xl&quot;:&quot;inherit&quot;}}\"><h1 class=\"bt_bb_headline_tag\"><span class=\"bt_bb_headline_content\"><span>Urheberrecht & Haftungsausschluss<\/span><\/span><\/h1><\/header><div class=\"bt_bb_separator bt_bb_border_style_none bt_bb_border_color_none bt_bb_bottom_spacing_large\" data-bt-override-class=\"null\"><\/div><\/div><\/div><\/div><div  class=\"bt_bb_column col-xl-5 bt_bb_vertical_align_top bt_bb_align_left bt_bb_padding_normal\"  data-width=\"5\" data-bt-override-class=\"{}\"><div class=\"bt_bb_column_content\"><div class=\"bt_bb_column_content_inner\"><\/div><\/div><\/div><\/div><\/div><\/div><!-- cell_inner --><\/div><!-- cell --><\/div><!-- port --><div class=\"bt_bb_section_bottom_section_coverage_image\"><img src=\"https:\/\/britt-care.nl\/wp-content\/uploads\/2022\/12\/bottom-cover.png\" alt=\"bt_bb_section_bottom_section_coverage_image\" \/><\/div><\/section><section id=\"bt_bb_section69eba69f6352c\" class=\"bt_bb_section bt_bb_layout_boxed_1200 bt_bb_vertical_align_top bt_bb_top_spacing_normal bt_bb_bottom_spacing_medium bt_bb_animation_fade_in animate\"  data-bt-override-class=\"{&quot;bt_bb_top_spacing_&quot;:{&quot;current_class&quot;:&quot;bt_bb_top_spacing_normal&quot;,&quot;xl&quot;:&quot;normal&quot;},&quot;bt_bb_bottom_spacing_&quot;:{&quot;current_class&quot;:&quot;bt_bb_bottom_spacing_medium&quot;,&quot;xl&quot;:&quot;medium&quot;}}\"><div class=\"bt_bb_port\"><div class=\"bt_bb_cell\"><div class=\"bt_bb_cell_inner\"><div class=\"bt_bb_row_wrapper bt_bb_row_width_boxed_1200\"><div  class=\"bt_bb_row bt_bb_column_gap_0\"  data-bt-override-class=\"{}\"><div  class=\"bt_bb_column col-xl-8 col-xs-12 col-sm-12 col-md-12 col-lg-8 bt_bb_vertical_align_middle bt_bb_align_left bt_bb_padding_20 bt_bb_details-color_white\"  data-width=\"8\" data-bt-override-class=\"{&quot;bt_bb_align_&quot;:{&quot;current_class&quot;:&quot;bt_bb_align_left&quot;,&quot;xl&quot;:&quot;left&quot;},&quot;bt_bb_padding_&quot;:{&quot;current_class&quot;:&quot;bt_bb_padding_20&quot;,&quot;xl&quot;:&quot;20&quot;}}\"><div class=\"bt_bb_column_content\"><div class=\"bt_bb_column_content_inner\"><header class=\"bt_bb_headline bt_bb_subheadline_text_transform_default bt_bb_dash_none bt_bb_subheadline bt_bb_size_inherit bt_bb_align_inherit\" data-bt-override-class=\"{&quot;bt_bb_size_&quot;:{&quot;current_class&quot;:&quot;bt_bb_size_inherit&quot;,&quot;xl&quot;:&quot;inherit&quot;},&quot;bt_bb_align_&quot;:{&quot;current_class&quot;:&quot;bt_bb_align_inherit&quot;,&quot;xl&quot;:&quot;inherit&quot;}}\"><h5 class=\"bt_bb_headline_tag\"><span class=\"bt_bb_headline_content\"><span>Haftungsausschluss<\/span><\/span><\/h5><div class=\"bt_bb_headline_subheadline\">BRITTcare\u00ae had die Inhalte dieser Website mit gr\u00f6\u00dftm\u00f6glicher Sorgfalt zusammengestellt. Dennoch sind \u00c4nderungen, technische Spezifikationen, Bilder oder andere Informationen auf dieser Website freibleibend Zeit reserviert. Aus dem Inhalt dieser Website k\u00f6nnen keinerlei Rechte abgeleitet werden. BRITTcare BV haftet nicht f\u00fcr Fehler oder Ungenauigkeiten oder f\u00fcr die Folgen der Nutzung der Informationen von dieser Website.<\/div><\/header><\/div><\/div><\/div><div  class=\"bt_bb_column col-xl-4 col-xs-12 col-sm-12 col-md-12 col-lg-4 bt_bb_vertical_align_top bt_bb_align_left bt_bb_padding_double bt_bb_details-color_white\"  data-width=\"4\" data-bt-override-class=\"{&quot;bt_bb_align_&quot;:{&quot;current_class&quot;:&quot;bt_bb_align_left&quot;,&quot;xl&quot;:&quot;left&quot;},&quot;bt_bb_padding_&quot;:{&quot;current_class&quot;:&quot;bt_bb_padding_double&quot;,&quot;xl&quot;:&quot;double&quot;}}\"><div class=\"bt_bb_column_content\"><div class=\"bt_bb_column_content_inner\"><\/div><\/div><\/div><\/div><\/div><\/div><!-- cell_inner --><\/div><!-- cell --><\/div><!-- port --><\/section><section id=\"bt_bb_section69eba69f63816\" class=\"bt_bb_section bt_bb_layout_boxed_1200 bt_bb_vertical_align_top bt_bb_top_spacing_normal bt_bb_bottom_spacing_medium bt_bb_animation_fade_in animate\"  data-bt-override-class=\"{&quot;bt_bb_top_spacing_&quot;:{&quot;current_class&quot;:&quot;bt_bb_top_spacing_normal&quot;,&quot;xl&quot;:&quot;normal&quot;},&quot;bt_bb_bottom_spacing_&quot;:{&quot;current_class&quot;:&quot;bt_bb_bottom_spacing_medium&quot;,&quot;xl&quot;:&quot;medium&quot;}}\"><div class=\"bt_bb_port\"><div class=\"bt_bb_cell\"><div class=\"bt_bb_cell_inner\"><div class=\"bt_bb_row_wrapper bt_bb_row_width_boxed_1200\"><div  class=\"bt_bb_row bt_bb_column_gap_0\"  data-bt-override-class=\"{}\"><div  class=\"bt_bb_column col-xl-8 col-xs-12 col-sm-12 col-md-12 col-lg-8 bt_bb_vertical_align_middle bt_bb_align_left bt_bb_padding_20 bt_bb_details-color_white\"  data-width=\"8\" data-bt-override-class=\"{&quot;bt_bb_align_&quot;:{&quot;current_class&quot;:&quot;bt_bb_align_left&quot;,&quot;xl&quot;:&quot;left&quot;},&quot;bt_bb_padding_&quot;:{&quot;current_class&quot;:&quot;bt_bb_padding_20&quot;,&quot;xl&quot;:&quot;20&quot;}}\"><div class=\"bt_bb_column_content\"><div class=\"bt_bb_column_content_inner\"><header class=\"bt_bb_headline bt_bb_subheadline_text_transform_default bt_bb_dash_none bt_bb_subheadline bt_bb_size_inherit bt_bb_align_inherit\" data-bt-override-class=\"{&quot;bt_bb_size_&quot;:{&quot;current_class&quot;:&quot;bt_bb_size_inherit&quot;,&quot;xl&quot;:&quot;inherit&quot;},&quot;bt_bb_align_&quot;:{&quot;current_class&quot;:&quot;bt_bb_align_inherit&quot;,&quot;xl&quot;:&quot;inherit&quot;}}\"><h5 class=\"bt_bb_headline_tag\"><span class=\"bt_bb_headline_content\"><span>Urheberrechte\u00a9<\/span><\/span><\/h5><div class=\"bt_bb_headline_subheadline\">Diese Website ist urheberrechtlich gesch\u00fctzt und geh\u00f6rt BRITTcare\u00ae BV.<br \/>\r\nDie Informationen auf dieser Website, wie alle Texte, Bilder, Logos, Software oder Informationen in irgendeiner anderen Form, d\u00fcrfen nicht ver\u00e4ndert, vervielf\u00e4ltigt, gespeichert, vervielf\u00e4ltigt, \u00fcbertragen werden oder ohne vorherige schriftliche Genehmigung von BRITTcare\u00ae BV.<br \/>\r\n<\/div><\/header><\/div><\/div><\/div><div  class=\"bt_bb_column col-xl-4 col-xs-12 col-sm-12 col-md-12 col-lg-4 bt_bb_vertical_align_top bt_bb_align_left bt_bb_padding_double bt_bb_details-color_white\"  data-width=\"4\" data-bt-override-class=\"{&quot;bt_bb_align_&quot;:{&quot;current_class&quot;:&quot;bt_bb_align_left&quot;,&quot;xl&quot;:&quot;left&quot;},&quot;bt_bb_padding_&quot;:{&quot;current_class&quot;:&quot;bt_bb_padding_double&quot;,&quot;xl&quot;:&quot;double&quot;}}\"><div class=\"bt_bb_column_content\"><div class=\"bt_bb_column_content_inner\"><\/div><\/div><\/div><\/div><\/div><\/div><!-- cell_inner --><\/div><!-- cell --><\/div><!-- port --><\/section>","protected":false},"excerpt":{"rendered":"","protected":false},"author":2,"featured_media":0,"parent":0,"menu_order":0,"comment_status":"closed","ping_status":"closed","template":"","meta":[],"yoast_head":"<!-- This site is optimized with the Yoast SEO plugin v20.6 - https:\/\/yoast.com\/wordpress\/plugins\/seo\/ -->\n<title>Urheberrecht &amp; Haftungsausschluss - BRITTcare<\/title>\n<meta name=\"robots\" content=\"index, follow, max-snippet:-1, max-image-preview:large, max-video-preview:-1\" \/>\n<link rel=\"canonical\" href=\"https:\/\/britt-care.nl\/de\/urheberrecht-haftungsausschluss\/\" \/>\n<meta property=\"og:locale\" content=\"de_DE\" \/>\n<meta property=\"og:type\" content=\"article\" \/>\n<meta property=\"og:title\" content=\"Urheberrecht &amp; Haftungsausschluss - BRITTcare\" \/>\n<meta property=\"og:url\" content=\"https:\/\/britt-care.nl\/de\/urheberrecht-haftungsausschluss\/\" \/>\n<meta property=\"og:site_name\" content=\"BRITTcare\" \/>\n<meta property=\"article:modified_time\" content=\"2023-02-28T12:57:40+00:00\" \/>\n<meta name=\"twitter:card\" content=\"summary_large_image\" \/>\n<meta name=\"twitter:label1\" content=\"Gesch\u00e4tzte Lesezeit\" \/>\n\t<meta name=\"twitter:data1\" content=\"3\u00a0Minuten\" \/>\n<script type=\"application\/ld+json\" class=\"yoast-schema-graph\">{\"@context\":\"https:\/\/schema.org\",\"@graph\":[{\"@type\":\"WebPage\",\"@id\":\"https:\/\/britt-care.nl\/de\/urheberrecht-haftungsausschluss\/\",\"url\":\"https:\/\/britt-care.nl\/de\/urheberrecht-haftungsausschluss\/\",\"name\":\"Urheberrecht & Haftungsausschluss - BRITTcare\",\"isPartOf\":{\"@id\":\"https:\/\/britt-care.nl\/#website\"},\"datePublished\":\"2022-12-23T13:01:57+00:00\",\"dateModified\":\"2023-02-28T12:57:40+00:00\",\"breadcrumb\":{\"@id\":\"https:\/\/britt-care.nl\/de\/urheberrecht-haftungsausschluss\/#breadcrumb\"},\"inLanguage\":\"de\",\"potentialAction\":[{\"@type\":\"ReadAction\",\"target\":[\"https:\/\/britt-care.nl\/de\/urheberrecht-haftungsausschluss\/\"]}]},{\"@type\":\"BreadcrumbList\",\"@id\":\"https:\/\/britt-care.nl\/de\/urheberrecht-haftungsausschluss\/#breadcrumb\",\"itemListElement\":[{\"@type\":\"ListItem\",\"position\":1,\"name\":\"Home\",\"item\":\"https:\/\/britt-care.nl\/de\/\"},{\"@type\":\"ListItem\",\"position\":2,\"name\":\"Urheberrecht &#038; Haftungsausschluss\"}]},{\"@type\":\"WebSite\",\"@id\":\"https:\/\/britt-care.nl\/#website\",\"url\":\"https:\/\/britt-care.nl\/\",\"name\":\"BRITTcare\",\"description\":\"BRITT draagt grote zorg voor deze wereld. En die zorg geven we graag door.\",\"publisher\":{\"@id\":\"https:\/\/britt-care.nl\/#organization\"},\"potentialAction\":[{\"@type\":\"SearchAction\",\"target\":{\"@type\":\"EntryPoint\",\"urlTemplate\":\"https:\/\/britt-care.nl\/?s={search_term_string}\"},\"query-input\":\"required name=search_term_string\"}],\"inLanguage\":\"de\"},{\"@type\":\"Organization\",\"@id\":\"https:\/\/britt-care.nl\/#organization\",\"name\":\"BRITTcare\",\"url\":\"https:\/\/britt-care.nl\/\",\"logo\":{\"@type\":\"ImageObject\",\"inLanguage\":\"de\",\"@id\":\"https:\/\/britt-care.nl\/#\/schema\/logo\/image\/\",\"url\":\"https:\/\/britt-care.nl\/wp-content\/uploads\/2022\/12\/BrittCare-Blue.png\",\"contentUrl\":\"https:\/\/britt-care.nl\/wp-content\/uploads\/2022\/12\/BrittCare-Blue.png\",\"width\":1538,\"height\":848,\"caption\":\"BRITTcare\"},\"image\":{\"@id\":\"https:\/\/britt-care.nl\/#\/schema\/logo\/image\/\"}}]}<\/script>\n<!-- \/ Yoast SEO plugin. -->","yoast_head_json":{"title":"Urheberrecht & Haftungsausschluss - BRITTcare","robots":{"index":"index","follow":"follow","max-snippet":"max-snippet:-1","max-image-preview":"max-image-preview:large","max-video-preview":"max-video-preview:-1"},"canonical":"https:\/\/britt-care.nl\/de\/urheberrecht-haftungsausschluss\/","og_locale":"de_DE","og_type":"article","og_title":"Urheberrecht & Haftungsausschluss - BRITTcare","og_url":"https:\/\/britt-care.nl\/de\/urheberrecht-haftungsausschluss\/","og_site_name":"BRITTcare","article_modified_time":"2023-02-28T12:57:40+00:00","twitter_card":"summary_large_image","twitter_misc":{"Gesch\u00e4tzte Lesezeit":"3\u00a0Minuten"},"schema":{"@context":"https:\/\/schema.org","@graph":[{"@type":"WebPage","@id":"https:\/\/britt-care.nl\/de\/urheberrecht-haftungsausschluss\/","url":"https:\/\/britt-care.nl\/de\/urheberrecht-haftungsausschluss\/","name":"Urheberrecht & Haftungsausschluss - BRITTcare","isPartOf":{"@id":"https:\/\/britt-care.nl\/#website"},"datePublished":"2022-12-23T13:01:57+00:00","dateModified":"2023-02-28T12:57:40+00:00","breadcrumb":{"@id":"https:\/\/britt-care.nl\/de\/urheberrecht-haftungsausschluss\/#breadcrumb"},"inLanguage":"de","potentialAction":[{"@type":"ReadAction","target":["https:\/\/britt-care.nl\/de\/urheberrecht-haftungsausschluss\/"]}]},{"@type":"BreadcrumbList","@id":"https:\/\/britt-care.nl\/de\/urheberrecht-haftungsausschluss\/#breadcrumb","itemListElement":[{"@type":"ListItem","position":1,"name":"Home","item":"https:\/\/britt-care.nl\/de\/"},{"@type":"ListItem","position":2,"name":"Urheberrecht &#038; Haftungsausschluss"}]},{"@type":"WebSite","@id":"https:\/\/britt-care.nl\/#website","url":"https:\/\/britt-care.nl\/","name":"BRITTcare","description":"BRITT draagt grote zorg voor deze wereld. En die zorg geven we graag door.","publisher":{"@id":"https:\/\/britt-care.nl\/#organization"},"potentialAction":[{"@type":"SearchAction","target":{"@type":"EntryPoint","urlTemplate":"https:\/\/britt-care.nl\/?s={search_term_string}"},"query-input":"required name=search_term_string"}],"inLanguage":"de"},{"@type":"Organization","@id":"https:\/\/britt-care.nl\/#organization","name":"BRITTcare","url":"https:\/\/britt-care.nl\/","logo":{"@type":"ImageObject","inLanguage":"de","@id":"https:\/\/britt-care.nl\/#\/schema\/logo\/image\/","url":"https:\/\/britt-care.nl\/wp-content\/uploads\/2022\/12\/BrittCare-Blue.png","contentUrl":"https:\/\/britt-care.nl\/wp-content\/uploads\/2022\/12\/BrittCare-Blue.png","width":1538,"height":848,"caption":"BRITTcare"},"image":{"@id":"https:\/\/britt-care.nl\/#\/schema\/logo\/image\/"}}]}},"_links":{"self":[{"href":"https:\/\/britt-care.nl\/de\/wp-json\/wp\/v2\/pages\/4988"}],"collection":[{"href":"https:\/\/britt-care.nl\/de\/wp-json\/wp\/v2\/pages"}],"about":[{"href":"https:\/\/britt-care.nl\/de\/wp-json\/wp\/v2\/types\/page"}],"author":[{"embeddable":true,"href":"https:\/\/britt-care.nl\/de\/wp-json\/wp\/v2\/users\/2"}],"replies":[{"embeddable":true,"href":"https:\/\/britt-care.nl\/de\/wp-json\/wp\/v2\/comments?post=4988"}],"version-history":[{"count":13,"href":"https:\/\/britt-care.nl\/de\/wp-json\/wp\/v2\/pages\/4988\/revisions"}],"predecessor-version":[{"id":5144,"href":"https:\/\/britt-care.nl\/de\/wp-json\/wp\/v2\/pages\/4988\/revisions\/5144"}],"wp:attachment":[{"href":"https:\/\/britt-care.nl\/de\/wp-json\/wp\/v2\/media?parent=4988"}],"curies":[{"name":"wp","href":"https:\/\/api.w.org\/{rel}","templated":true}]}}